{"id":17,"date":"2024-03-21T13:38:53","date_gmt":"2024-03-21T12:38:53","guid":{"rendered":"http:\/\/app01stplsoms.servizi.infogroup.it:8081\/?page_id=17"},"modified":"2025-12-16T12:06:26","modified_gmt":"2025-12-16T11:06:26","slug":"home","status":"publish","type":"page","link":"https:\/\/www.somsperilpersonaledelgruppointesasanpaolo.org\/","title":{"rendered":"HOME"},"content":{"rendered":"\n<div class=\"wp-block-columns is-layout-flex wp-container-core-columns-is-layout-9d6595d7 wp-block-columns-is-layout-flex\">\n<div class=\"wp-block-column is-layout-flow wp-block-column-is-layout-flow\">\n<figure class=\"wp-block-image aligncenter size-full\"><img decoding=\"async\" src=\"\/wp-content\/uploads\/2025\/11\/Progetto-di-vita_sostengo-il-tuo-futuro1024x683.jpg\" alt=\"\" class=\"wp-image-73\" style=\"border-radius: 10px 10px 10px 10px;\"\/><a style=\"color:#30a5db;text-decoration:none;\" href=\"\/index.php\/sostengo-il-tuo-futuro\"><b >SOSTENGO IL TUO FUTURO<\/b><\/a><\/figure>\n<\/div>\n\n\n\n<div class=\"wp-block-column is-layout-flow wp-block-column-is-layout-flow\">\n<figure class=\"wp-block-image aligncenter size-full\"><img style=\"border-radius: 10px 10px 10px 10px;\"src=\"\/wp-content\/uploads\/2025\/11\/Progetto-di-vita-1024x683-1.jpg\" alt=\"\" class=\"wp-image-74\"\/>\n<a style=\"color:#30a5db;text-decoration:none;\" href=\"\/index.php\/progetto-di-vita-2\"><b >PROGETTO DI VITA<\/b><\/a>\n<\/figure>\n<\/div>\n\n\n\n<div class=\"wp-block-column is-layout-flow wp-block-column-is-layout-flow\">\n<figure class=\"wp-block-image aligncenter size-full\"><img style=\"border-radius: 10px 10px 10px 10px;\"src=\"\/wp-content\/uploads\/2025\/11\/LTC-1024x683-1.jpg\" alt=\"\" class=\"wp-image-75\"\/><a style=\"color:#30a5db;text-decoration:none;\" href=\"\/index.php\/long-term-care\/\"><b >LONG TERM CARE<\/b><\/a><\/figure>\n<\/div>\n<\/div>\n\n\n\n<p>La <strong>Societ\u00e0 di Mutuo Soccorso per il personale del Gruppo Intesa Sanpaolo <\/strong>\u00e8 un ente del Terzo Settore, istituito grazie alla Fondazione Intesa Sanpaolo Ente Filantropico, quale promotore e \u00absocio sostenitore di diritto\u00bb, con lo scopo di promuovere la solidariet\u00e0 mutualistica tra i soci.<\/p>\n\n\n\n<p>Nasce per rispondere a bisogni concreti delle persone del Gruppo, offrendo supporto nei momenti di fragilit\u00e0 e attivando forme di tutela che non trovano risposta nei canali tradizionali.<\/p>\n\n\n\n<p>Lavoriamo per costruire soluzioni collettive che proteggano il singolo \u2013 come nel caso della copertura Long Term Care \u2013 e per attivare interventi personalizzati, pensati su misura, che spesso diventano buone pratiche da condividere. Operiamo in sinergia con gli altri enti welfare del Gruppo e collaboriamo con il territorio e le istituzioni per promuovere una cultura della mutualit\u00e0 fondata su ascolto, prossimit\u00e0 e responsabilit\u00e0 condivisa.<\/p>\n\n\n\n<p><strong>Insieme per le persone del Gruppo Intesa Sanpaolo<\/strong><\/p>\n\n\n\n<p>La SoMS \u00e8 nata il 22 dicembre 2023 ed \u00e8 dedicata a tutte le persone del Gruppo e ai loro familiari, con il preciso scopo di offrire un aiuto concreto in caso di bisogno. Societ\u00e0 di mutuo soccorso significa solidariet\u00e0 e mutualit\u00e0, intesa come aiuto compartecipe e reciproco: ogni socio riceve assistenza grazie alle quote versate da tutti gli altri. Al momento del bisogno, le risorse vengono redistribuite attraverso sussidi e prestazioni, secondo principi di equit\u00e0 e condivisione.<\/p>\n\n\n\n<p><strong>Valori e scopi<\/strong><\/p>\n\n\n\n<p>Crediamo nella mutualit\u00e0 come forma concreta di solidariet\u00e0, capace di generare risposte reali nei momenti di bisogno. Lavoriamo per&nbsp; offrire strumenti che affiancano le persone quando le soluzioni tradizionali non bastano. Ci guidano l\u2019ascolto, la prossimit\u00e0 e la responsabilit\u00e0 condivisa. Ogni intervento, che sia collettivo o costruito su misura, \u00e8 per noi un\u2019occasione per rafforzare il legame tra le persone e promuovere una cultura della cura, in rete con gli altri enti del Gruppo e con il territorio.<\/p>\n","protected":false},"excerpt":{"rendered":"<p>SOSTENGO IL TUO FUTURO PROGETTO DI VITA LONG TERM CARE La Societ\u00e0 di Mutuo Soccorso per il personale del Gruppo Intesa Sanpaolo \u00e8 un ente del Terzo Settore, istituito grazie alla Fondazione Intesa Sanpaolo Ente Filantropico, quale promotore e \u00absocio sostenitore di diritto\u00bb, con lo scopo di promuovere la solidariet\u00e0 mutualistica tra i soci. Nasce [&hellip;]<\/p>\n","protected":false},"author":1,"featured_media":0,"parent":0,"menu_order":0,"comment_status":"closed","ping_status":"closed","template":"","meta":{"footnotes":""},"class_list":["post-17","page","type-page","status-publish","czr-hentry"],"publishpress_future_action":{"enabled":false,"date":"2026-05-14 14:23:47","action":"change-status","newStatus":"draft","terms":[],"taxonomy":"","extraData":[]},"publishpress_future_workflow_manual_trigger":{"enabledWorkflows":[]},"_links":{"self":[{"href":"https:\/\/www.somsperilpersonaledelgruppointesasanpaolo.org\/index.php\/wp-json\/wp\/v2\/pages\/17","targetHints":{"allow":["GET"]}}],"collection":[{"href":"https:\/\/www.somsperilpersonaledelgruppointesasanpaolo.org\/index.php\/wp-json\/wp\/v2\/pages"}],"about":[{"href":"https:\/\/www.somsperilpersonaledelgruppointesasanpaolo.org\/index.php\/wp-json\/wp\/v2\/types\/page"}],"author":[{"embeddable":true,"href":"https:\/\/www.somsperilpersonaledelgruppointesasanpaolo.org\/index.php\/wp-json\/wp\/v2\/users\/1"}],"replies":[{"embeddable":true,"href":"https:\/\/www.somsperilpersonaledelgruppointesasanpaolo.org\/index.php\/wp-json\/wp\/v2\/comments?post=17"}],"version-history":[{"count":8,"href":"https:\/\/www.somsperilpersonaledelgruppointesasanpaolo.org\/index.php\/wp-json\/wp\/v2\/pages\/17\/revisions"}],"predecessor-version":[{"id":339,"href":"https:\/\/www.somsperilpersonaledelgruppointesasanpaolo.org\/index.php\/wp-json\/wp\/v2\/pages\/17\/revisions\/339"}],"wp:attachment":[{"href":"https:\/\/www.somsperilpersonaledelgruppointesasanpaolo.org\/index.php\/wp-json\/wp\/v2\/media?parent=17"}],"curies":[{"name":"wp","href":"https:\/\/api.w.org\/{rel}","templated":true}]}}