{"id":273,"date":"2025-11-03T10:34:46","date_gmt":"2025-11-03T09:34:46","guid":{"rendered":"https:\/\/www.somsperilpersonaledelgruppointesasanpaolo.org\/?page_id=273"},"modified":"2025-11-20T12:13:13","modified_gmt":"2025-11-20T11:13:13","slug":"progetto-di-vita-2","status":"publish","type":"page","link":"https:\/\/www.somsperilpersonaledelgruppointesasanpaolo.org\/index.php\/progetto-di-vita-2\/","title":{"rendered":"PROGETTO DI VITA"},"content":{"rendered":"\n<p><strong>PROGETTO DI VITA<\/strong><\/p>\n\n\n\n<p>Il Progetto di Vita \u00e8 oggi riconosciuto come <strong>diritto fondamentale delle persone con disabilit\u00e0<\/strong>, sancito dalla\u202f<strong>Legge 227\/2021<\/strong>\u202fe regolato dal\u202f<strong>Decreto Legislativo 62\/2024<\/strong>. \u00c8 un piano individuale, personalizzato e partecipato, dotato di un <strong>budget personale<\/strong>, che individua strumenti, servizi, misure e accomodamenti ragionevoli per pianificare il proprio futuro, garantendo autonomia, inclusione sociale e lavorativa, e benessere globale.<\/p>\n\n\n\n<p>La normativa promuove la <strong>coprogettazione<\/strong> tra persona, famiglia, Terzo Settore e istituzioni, valorizzando il ruolo delle reti e delle comunit\u00e0. Alcune disposizioni sono gi\u00e0 operative, altre sono in fase sperimentale dal\u202f1\u00b0 gennaio 2025\u202fin venti province, per poi essere estese a tutto il territorio nazionale a partire dal\u202f1\u00b0 gennaio 2027.<\/p>\n\n\n\n<p><strong>Un percorso possibile, costruito insieme<\/strong><\/p>\n\n\n\n<p>La SoMS sostiene i soci e i loro familiari conviventi nella costruzione di percorsi di vita orientati all\u2019autonomia, all\u2019inclusione e al benessere.<\/p>\n\n\n\n<p>Questa iniziativa nasce per offrire <strong>un aiuto concreto e personalizzato<\/strong>: il <strong>fil rouge<\/strong> che ci guida a promuovere e sostenere il Progetto di Vita \u00e8 la volont\u00e0 di accompagnare ogni persona nella propria progettualit\u00e0, riconoscendone i bisogni, le aspirazioni e le potenzialit\u00e0. Non si tratta solo di offrire un contributo economico, ma di <strong>attivare risorse, reti e competenze<\/strong> per costruire risposte su misura, nel rispetto della dignit\u00e0 e della complessit\u00e0 di ogni situazione.<\/p>\n\n\n\n<p><strong>Il supporto \u00e8 destinato ai soci e ai loro familiari conviventi, in presenza di:<\/strong><\/p>\n\n\n\n<ul class=\"wp-block-list\">\n<li>Disabilit\u00e0 con necessit\u00e0 di sostegno intensivo (art. 3, comma 3, L. 104\/1992)<\/li>\n<\/ul>\n\n\n\n<ul class=\"wp-block-list\">\n<li>Invalidit\u00e0 al 100%<\/li>\n<\/ul>\n\n\n\n<ul class=\"wp-block-list\">\n<li>Sordit\u00e0 e cecit\u00e0<\/li>\n<\/ul>\n\n\n\n<ul class=\"wp-block-list\">\n<li>Malattie rare e invalidanti (art. 5, comma 1, lett. a), D.M. Sanit\u00e0 29 aprile 1998 n. 124)<\/li>\n<\/ul>\n\n\n\n<p><strong>Per attivare uno qualsiasi degli strumenti o per maggiori informazioni, contattaci!<\/strong><\/p>\n\n\n\n<p><strong>scrivi a:<\/strong> <a href=\"mailto:somsperilpersonaledelgruppointesasanpaolo@intesasanpaolo.com\">somsperilpersonaledelgruppointesasanpaolo@intesasanpaolo.com<\/a><\/p>\n\n\n\n<div class=\"wp-block-columns is-layout-flex wp-container-core-columns-is-layout-9d6595d7 wp-block-columns-is-layout-flex\">\n<div class=\"wp-block-column is-layout-flow wp-block-column-is-layout-flow\">\n<figure class=\"wp-block-image size-full is-style-default\"><img loading=\"lazy\" decoding=\"async\" width=\"1094\" height=\"729\" src=\"https:\/\/www.somsperilpersonaledelgruppointesasanpaolo.org\/wp-content\/uploads\/2025\/11\/Progetto-di-vita_abitazione.jpg\" alt=\"\" class=\"wp-image-320\" style=\"aspect-ratio:3\/2;object-fit:cover\" title=\"\" srcset=\"https:\/\/www.somsperilpersonaledelgruppointesasanpaolo.org\/wp-content\/uploads\/2025\/11\/Progetto-di-vita_abitazione.jpg 1094w, https:\/\/www.somsperilpersonaledelgruppointesasanpaolo.org\/wp-content\/uploads\/2025\/11\/Progetto-di-vita_abitazione-300x200.jpg 300w, https:\/\/www.somsperilpersonaledelgruppointesasanpaolo.org\/wp-content\/uploads\/2025\/11\/Progetto-di-vita_abitazione-1024x682.jpg 1024w, https:\/\/www.somsperilpersonaledelgruppointesasanpaolo.org\/wp-content\/uploads\/2025\/11\/Progetto-di-vita_abitazione-768x512.jpg 768w\" sizes=\"auto, (max-width: 1094px) 100vw, 1094px\" \/><figcaption class=\"wp-element-caption\">AUTONOMIA E ABITAZIONE<\/figcaption><\/figure>\n<\/div>\n\n\n\n<div class=\"wp-block-column is-layout-flow wp-block-column-is-layout-flow\">\n<figure class=\"wp-block-image size-medium\"><img loading=\"lazy\" decoding=\"async\" width=\"300\" height=\"200\" src=\"https:\/\/www.somsperilpersonaledelgruppointesasanpaolo.org\/wp-content\/uploads\/2025\/11\/Progetto-di-vita_inserimento-lavorativo-300x200.jpg\" alt=\"\" class=\"wp-image-319\" style=\"aspect-ratio:3\/2;object-fit:cover\" srcset=\"https:\/\/www.somsperilpersonaledelgruppointesasanpaolo.org\/wp-content\/uploads\/2025\/11\/Progetto-di-vita_inserimento-lavorativo-300x200.jpg 300w, https:\/\/www.somsperilpersonaledelgruppointesasanpaolo.org\/wp-content\/uploads\/2025\/11\/Progetto-di-vita_inserimento-lavorativo-1024x683.jpg 1024w, https:\/\/www.somsperilpersonaledelgruppointesasanpaolo.org\/wp-content\/uploads\/2025\/11\/Progetto-di-vita_inserimento-lavorativo-768x512.jpg 768w, https:\/\/www.somsperilpersonaledelgruppointesasanpaolo.org\/wp-content\/uploads\/2025\/11\/Progetto-di-vita_inserimento-lavorativo.jpg 1332w\" sizes=\"auto, (max-width: 300px) 100vw, 300px\" \/><figcaption class=\"wp-element-caption\"><a href=\"https:\/\/www.somsperilpersonaledelgruppointesasanpaolo.org\/index.php\/inserimento-lavorativo\/\" data-type=\"page\" data-id=\"275\" target=\"_blank\" rel=\"noreferrer noopener\">INSERIMENTO LAVORATIVO<\/a><\/figcaption><\/figure>\n<\/div>\n\n\n\n<div class=\"wp-block-column is-layout-flow wp-block-column-is-layout-flow\">\n<figure class=\"wp-block-image size-full\"><img loading=\"lazy\" decoding=\"async\" width=\"1344\" height=\"896\" src=\"https:\/\/www.somsperilpersonaledelgruppointesasanpaolo.org\/wp-content\/uploads\/2025\/11\/Progetto-di-vita_SALUTE-E-BENESSERE.jpg\" alt=\"\" class=\"wp-image-318\" style=\"aspect-ratio:3\/2;object-fit:cover\" srcset=\"https:\/\/www.somsperilpersonaledelgruppointesasanpaolo.org\/wp-content\/uploads\/2025\/11\/Progetto-di-vita_SALUTE-E-BENESSERE.jpg 1344w, https:\/\/www.somsperilpersonaledelgruppointesasanpaolo.org\/wp-content\/uploads\/2025\/11\/Progetto-di-vita_SALUTE-E-BENESSERE-300x200.jpg 300w, https:\/\/www.somsperilpersonaledelgruppointesasanpaolo.org\/wp-content\/uploads\/2025\/11\/Progetto-di-vita_SALUTE-E-BENESSERE-1024x683.jpg 1024w, https:\/\/www.somsperilpersonaledelgruppointesasanpaolo.org\/wp-content\/uploads\/2025\/11\/Progetto-di-vita_SALUTE-E-BENESSERE-768x512.jpg 768w\" sizes=\"auto, (max-width: 1344px) 100vw, 1344px\" \/><figcaption class=\"wp-element-caption\">SALUTE E BENESSERE<\/figcaption><\/figure>\n<\/div>\n\n\n\n<div class=\"wp-block-column is-layout-flow wp-block-column-is-layout-flow\">\n<figure class=\"wp-block-image size-full\"><img loading=\"lazy\" decoding=\"async\" width=\"429\" height=\"295\" src=\"https:\/\/www.somsperilpersonaledelgruppointesasanpaolo.org\/wp-content\/uploads\/2025\/11\/Progetto-di-vita_GESTIONE-ECONOMICA_piccola-1.png\" alt=\"\" class=\"wp-image-315\" style=\"aspect-ratio:3\/2;object-fit:cover\" srcset=\"https:\/\/www.somsperilpersonaledelgruppointesasanpaolo.org\/wp-content\/uploads\/2025\/11\/Progetto-di-vita_GESTIONE-ECONOMICA_piccola-1.png 429w, https:\/\/www.somsperilpersonaledelgruppointesasanpaolo.org\/wp-content\/uploads\/2025\/11\/Progetto-di-vita_GESTIONE-ECONOMICA_piccola-1-300x206.png 300w\" sizes=\"auto, (max-width: 429px) 100vw, 429px\" \/><figcaption class=\"wp-element-caption\"><a href=\"\/index.php\/gestione-economica\/\" data-type=\"page\" data-id=\"258\" target=\"_blank\" rel=\"noreferrer noopener\">RISORSE ECONOMICHE<\/a><\/figcaption><\/figure>\n<\/div>\n\n\n\n<div class=\"wp-block-column is-layout-flow wp-block-column-is-layout-flow\">\n<figure class=\"wp-block-image size-full\"><img loading=\"lazy\" decoding=\"async\" width=\"1024\" height=\"683\" src=\"https:\/\/www.somsperilpersonaledelgruppointesasanpaolo.org\/wp-content\/uploads\/2025\/11\/Progetto-di-vita_SOCIALITa.jpg\" alt=\"\" class=\"wp-image-317\" style=\"aspect-ratio:3\/2;object-fit:cover\" srcset=\"https:\/\/www.somsperilpersonaledelgruppointesasanpaolo.org\/wp-content\/uploads\/2025\/11\/Progetto-di-vita_SOCIALITa.jpg 1024w, https:\/\/www.somsperilpersonaledelgruppointesasanpaolo.org\/wp-content\/uploads\/2025\/11\/Progetto-di-vita_SOCIALITa-300x200.jpg 300w, https:\/\/www.somsperilpersonaledelgruppointesasanpaolo.org\/wp-content\/uploads\/2025\/11\/Progetto-di-vita_SOCIALITa-768x512.jpg 768w\" sizes=\"auto, (max-width: 1024px) 100vw, 1024px\" \/><figcaption class=\"wp-element-caption\"><a href=\"https:\/\/www.somsperilpersonaledelgruppointesasanpaolo.org\/index.php\/socialita-e-tempo-libero\/\" data-type=\"page\" data-id=\"279\" target=\"_blank\" rel=\"noreferrer noopener\">SOCIALITA&#8217; E TEMPO LIBERO<\/a><\/figcaption><\/figure>\n<\/div>\n<\/div>\n\n\n\n<p><\/p>\n","protected":false},"excerpt":{"rendered":"<p>PROGETTO DI VITA Il Progetto di Vita \u00e8 oggi riconosciuto come diritto fondamentale delle persone con disabilit\u00e0, sancito dalla\u202fLegge 227\/2021\u202fe regolato dal\u202fDecreto Legislativo 62\/2024. \u00c8 un piano individuale, personalizzato e partecipato, dotato di un budget personale, che individua strumenti, servizi, misure e accomodamenti ragionevoli per pianificare il proprio futuro, garantendo autonomia, inclusione sociale e lavorativa, [&hellip;]<\/p>\n","protected":false},"author":1,"featured_media":0,"parent":0,"menu_order":0,"comment_status":"closed","ping_status":"closed","template":"","meta":{"footnotes":""},"class_list":["post-273","page","type-page","status-publish","czr-hentry"],"publishpress_future_action":{"enabled":false,"date":"2026-05-14 15:42:03","action":"change-status","newStatus":"draft","terms":[],"taxonomy":"","extraData":[]},"publishpress_future_workflow_manual_trigger":{"enabledWorkflows":[]},"_links":{"self":[{"href":"https:\/\/www.somsperilpersonaledelgruppointesasanpaolo.org\/index.php\/wp-json\/wp\/v2\/pages\/273","targetHints":{"allow":["GET"]}}],"collection":[{"href":"https:\/\/www.somsperilpersonaledelgruppointesasanpaolo.org\/index.php\/wp-json\/wp\/v2\/pages"}],"about":[{"href":"https:\/\/www.somsperilpersonaledelgruppointesasanpaolo.org\/index.php\/wp-json\/wp\/v2\/types\/page"}],"author":[{"embeddable":true,"href":"https:\/\/www.somsperilpersonaledelgruppointesasanpaolo.org\/index.php\/wp-json\/wp\/v2\/users\/1"}],"replies":[{"embeddable":true,"href":"https:\/\/www.somsperilpersonaledelgruppointesasanpaolo.org\/index.php\/wp-json\/wp\/v2\/comments?post=273"}],"version-history":[{"count":4,"href":"https:\/\/www.somsperilpersonaledelgruppointesasanpaolo.org\/index.php\/wp-json\/wp\/v2\/pages\/273\/revisions"}],"predecessor-version":[{"id":328,"href":"https:\/\/www.somsperilpersonaledelgruppointesasanpaolo.org\/index.php\/wp-json\/wp\/v2\/pages\/273\/revisions\/328"}],"wp:attachment":[{"href":"https:\/\/www.somsperilpersonaledelgruppointesasanpaolo.org\/index.php\/wp-json\/wp\/v2\/media?parent=273"}],"curies":[{"name":"wp","href":"https:\/\/api.w.org\/{rel}","templated":true}]}}