{"id":285,"date":"2025-11-03T10:51:15","date_gmt":"2025-11-03T09:51:15","guid":{"rendered":"https:\/\/www.somsperilpersonaledelgruppointesasanpaolo.org\/?page_id=285"},"modified":"2026-03-13T11:37:42","modified_gmt":"2026-03-13T10:37:42","slug":"cosa-facciamo","status":"publish","type":"page","link":"https:\/\/www.somsperilpersonaledelgruppointesasanpaolo.org\/index.php\/cosa-facciamo\/","title":{"rendered":"Cosa facciamo"},"content":{"rendered":"\n<p>La SoMS offre <strong>forme di supporto concreto<\/strong> pensate per rispondere a bisogni che non trovano risposta nei canali tradizionali.<\/p>\n\n\n\n<p>Alcuni interventi sono <strong>collettivi<\/strong>, come la copertura Long Term Care, che tutela tutti i soci in caso di non autosufficienza.<\/p>\n\n\n\n<p>Altri sono <strong>personalizzati<\/strong>, costruiti su situazioni specifiche e attivati in rete con gli altri enti del Gruppo e con il territorio.<\/p>\n\n\n\n<p>In ogni caso, l\u2019obiettivo \u00e8 lo stesso: <strong>essere presenti quando serve<\/strong>, con strumenti semplici, accessibili e orientati alla persona.<\/p>\n\n\n\n<p><strong>LONG TERM CARE<\/strong><\/p>\n\n\n\n<p>Una copertura dedicata ai casi di non autosufficienza, con una <strong>rendita mensile di \u20ac1.600<\/strong> per affrontare le spese di assistenza continuativa. Grazie alla formula collettiva, anche i familiari non pi\u00f9 conviventi dei soci ordinari E QUINDI NON Pi\u00f9 ISCRITTI AL Fondo Sanitario Integrativo del Gruppo Intesa Sanpaolo, possono mantenere la polizza, <strong>contenendo i costi e garantendo continuit\u00e0<\/strong>. Un\u2019opportunit\u00e0 concreta per proteggere s\u00e9 stessi e chi si prende cura di noi.<\/p>\n\n\n\n<p>Per approfondire \ud83d\udc49\u202f<em><a href=\"\/index.php\/long-term-care\/\" data-type=\"page\" data-id=\"59\">Clicca qui<\/a><\/em><\/p>\n\n\n\n<p><strong>SUSSIDI<\/strong><\/p>\n\n\n\n<p><strong>Supporto economico e attivazione<\/strong>. E\u2019 possibile richiedere contributi economici in ambito sanitario, assistenziale e sociale. Il Regolamento definisce criteri, modalit\u00e0 e ambiti di intervento, garantendo coerenza con i valori mutualistici e attenzione alle situazioni di fragilit\u00e0. Ogni contributo \u00e8 una risposta concreta, costruita insieme per affrontare situazioni di fragilit\u00e0, quando le soluzioni tradizionali non bastano.<\/p>\n\n\n\n<p>Per approfondire \ud83d\udc49\u202f<em><a href=\"\/index.php\/contributi\/\" data-type=\"page\" data-id=\"266\">Clicca qui<\/a><\/em><\/p>\n\n\n\n<p><strong>SOSTENGO IL TUO FUTURO<\/strong><\/p>\n\n\n\n<p><strong>Una rendita che protegge nel tempo.<\/strong> Una polizza collettiva dedicata ai soci con figli con disabilit\u00e0 e necessit\u00e0 di sostegno intensivo. In caso di decesso di entrambi i genitori assicurati, il figlio riceve una <strong>rendita vitalizia rivalutabile di \u20ac12.000 all\u2019anno<\/strong>. Un gesto di responsabilit\u00e0 che garantisce <strong>continuit\u00e0, sicurezza e cura<\/strong> anche quando il sostegno diretto dei genitori verr\u00e0 meno.<\/p>\n\n\n\n<p>Per approfondire \ud83d\udc49\u202f<em><a href=\"https:\/\/www.somsperilpersonaledelgruppointesasanpaolo.org\/index.php\/sostengo-il-tuo-futuro-2\/\" data-type=\"page\" data-id=\"271\">Clicca qui<\/a><\/em><\/p>\n\n\n\n<p><strong>PROGETTO DI VITA<\/strong><\/p>\n\n\n\n<p><strong>Autonomia, dignit\u00e0, partecipazione.<\/strong> Un insieme di interventi personalizzati per sostenere le persone con disabilit\u00e0 in tutte le dimensioni della vita quotidiana: abitazione, lavoro, tempo libero, benessere, gestione economia. La SoMS accompagna ogni percorso con <strong>contributi mirati e flessibili<\/strong>, costruiti in dialogo con la persona e la famiglia.<\/p>\n\n\n\n<p>Per approfondire \ud83d\udc49\u202f<em><a href=\"https:\/\/www.somsperilpersonaledelgruppointesasanpaolo.org\/index.php\/progetto-di-vita-2\/\" data-type=\"page\" data-id=\"273\">Clicca qui<\/a><\/em><\/p>\n\n\n\n<p><strong>AMMINISTRATORE DI SOSTEGNO<\/strong><\/p>\n\n\n\n<p>L\u2019amministratore di sostegno \u00e8 una figura prevista dalla legge per affiancare e tutelare le persone che si trovano in una condizione di fragilit\u00e0, temporanea o permanente, supportandole nella gestione di aspetti personali, sanitari o patrimoniali. La SoMS propone un corso di formazione per conoscere e approfondire il contesto in cui opera.<\/p>\n\n\n\n<p>Per approfondire \ud83d\udc49\u202f<em><a href=\"https:\/\/www.somsperilpersonaledelgruppointesasanpaolo.org\/index.php\/corso-per-amministratori-di-sostegno\/\" data-type=\"page\" data-id=\"273\">Clicca qui<\/a><\/em><\/p>\n","protected":false},"excerpt":{"rendered":"<p>La SoMS offre forme di supporto concreto pensate per rispondere a bisogni che non trovano risposta nei canali tradizionali. Alcuni interventi sono collettivi, come la copertura Long Term Care, che tutela tutti i soci in caso di non autosufficienza. Altri sono personalizzati, costruiti su situazioni specifiche e attivati in rete con gli altri enti del [&hellip;]<\/p>\n","protected":false},"author":1,"featured_media":0,"parent":0,"menu_order":0,"comment_status":"closed","ping_status":"closed","template":"","meta":{"footnotes":""},"class_list":["post-285","page","type-page","status-publish","czr-hentry"],"publishpress_future_action":{"enabled":false,"date":"2026-05-13 15:06:30","action":"change-status","newStatus":"draft","terms":[],"taxonomy":"","extraData":[]},"publishpress_future_workflow_manual_trigger":{"enabledWorkflows":[]},"_links":{"self":[{"href":"https:\/\/www.somsperilpersonaledelgruppointesasanpaolo.org\/index.php\/wp-json\/wp\/v2\/pages\/285","targetHints":{"allow":["GET"]}}],"collection":[{"href":"https:\/\/www.somsperilpersonaledelgruppointesasanpaolo.org\/index.php\/wp-json\/wp\/v2\/pages"}],"about":[{"href":"https:\/\/www.somsperilpersonaledelgruppointesasanpaolo.org\/index.php\/wp-json\/wp\/v2\/types\/page"}],"author":[{"embeddable":true,"href":"https:\/\/www.somsperilpersonaledelgruppointesasanpaolo.org\/index.php\/wp-json\/wp\/v2\/users\/1"}],"replies":[{"embeddable":true,"href":"https:\/\/www.somsperilpersonaledelgruppointesasanpaolo.org\/index.php\/wp-json\/wp\/v2\/comments?post=285"}],"version-history":[{"count":4,"href":"https:\/\/www.somsperilpersonaledelgruppointesasanpaolo.org\/index.php\/wp-json\/wp\/v2\/pages\/285\/revisions"}],"predecessor-version":[{"id":385,"href":"https:\/\/www.somsperilpersonaledelgruppointesasanpaolo.org\/index.php\/wp-json\/wp\/v2\/pages\/285\/revisions\/385"}],"wp:attachment":[{"href":"https:\/\/www.somsperilpersonaledelgruppointesasanpaolo.org\/index.php\/wp-json\/wp\/v2\/media?parent=285"}],"curies":[{"name":"wp","href":"https:\/\/api.w.org\/{rel}","templated":true}]}}