{"id":35,"date":"2024-03-21T14:43:03","date_gmt":"2024-03-21T13:43:03","guid":{"rendered":"http:\/\/app01stplsoms.servizi.infogroup.it:8081\/?page_id=35"},"modified":"2024-06-03T16:44:07","modified_gmt":"2024-06-03T14:44:07","slug":"diventa-socio","status":"publish","type":"page","link":"https:\/\/www.somsperilpersonaledelgruppointesasanpaolo.org\/index.php\/diventa-socio\/","title":{"rendered":"DIVENTA SOCIO"},"content":{"rendered":"\n<p>Diventando <strong>socio ordinario<\/strong>, tu e i tuoi familiari conviventi potrete ricevere assistenza e supporto grazie alle quote versate dal Gruppo Intesa Sanpaolo e da tutti gli altri soci: \u00e8 un <strong>patrimonio comune che pu\u00f2 fare la differenza<\/strong> nel momento del bisogno. &nbsp;<\/p>\n\n\n\n<p><strong>La quota sociale annuale<\/strong> di iscrizione per ciascun <strong>socio ordinario<\/strong> \u00e8 pari a \u20ac 5.<\/p>\n\n\n\n<p>Si tratta della partecipazione e dell\u2019<strong>aiuto di tutti<\/strong> per una necessit\u00e0 urgente che qualcuno di noi non \u00e8 in grado di affrontare da solo, con la speranza che non serva mai direttamente.<\/p>\n\n\n\n<p>I <strong>familiari non conviventi<\/strong> del socio ordinario (ad esempio i figli) possono richiedere l\u2019iscrizione come <strong>soci ordinari familiari.<\/strong><\/p>\n\n\n\n<p>Per saperne di pi\u00f9, prendi visione del <a href=\"\/wp-content\/uploads\/2024\/06\/SoMS-Regolamento-Soci_approvato-27052024.pdf\" data-type=\"link\" data-id=\"\/wp-content\/uploads\/2024\/06\/SoMS-Regolamento-Soci_approvato-27052024.pdf\" target=\"_blank\" rel=\"noreferrer noopener\">Regolamento<\/a> Soci.<\/p>\n\n\n\n<p>Ti aspettiamo! Insieme \u00e8 meglio!<\/p>\n","protected":false},"excerpt":{"rendered":"<p>Diventando socio ordinario, tu e i tuoi familiari conviventi potrete ricevere assistenza e supporto grazie alle quote versate dal Gruppo Intesa Sanpaolo e da tutti gli altri soci: \u00e8 un patrimonio comune che pu\u00f2 fare la differenza nel momento del bisogno. &nbsp; La quota sociale annuale di iscrizione per ciascun socio ordinario \u00e8 pari a [&hellip;]<\/p>\n","protected":false},"author":1,"featured_media":0,"parent":0,"menu_order":0,"comment_status":"closed","ping_status":"closed","template":"","meta":{"footnotes":""},"class_list":["post-35","page","type-page","status-publish","czr-hentry"],"publishpress_future_action":{"enabled":false,"date":"2026-04-12 09:44:07","action":"change-status","newStatus":"draft","terms":[],"taxonomy":"","extraData":[]},"publishpress_future_workflow_manual_trigger":{"enabledWorkflows":[]},"_links":{"self":[{"href":"https:\/\/www.somsperilpersonaledelgruppointesasanpaolo.org\/index.php\/wp-json\/wp\/v2\/pages\/35","targetHints":{"allow":["GET"]}}],"collection":[{"href":"https:\/\/www.somsperilpersonaledelgruppointesasanpaolo.org\/index.php\/wp-json\/wp\/v2\/pages"}],"about":[{"href":"https:\/\/www.somsperilpersonaledelgruppointesasanpaolo.org\/index.php\/wp-json\/wp\/v2\/types\/page"}],"author":[{"embeddable":true,"href":"https:\/\/www.somsperilpersonaledelgruppointesasanpaolo.org\/index.php\/wp-json\/wp\/v2\/users\/1"}],"replies":[{"embeddable":true,"href":"https:\/\/www.somsperilpersonaledelgruppointesasanpaolo.org\/index.php\/wp-json\/wp\/v2\/comments?post=35"}],"version-history":[{"count":5,"href":"https:\/\/www.somsperilpersonaledelgruppointesasanpaolo.org\/index.php\/wp-json\/wp\/v2\/pages\/35\/revisions"}],"predecessor-version":[{"id":111,"href":"https:\/\/www.somsperilpersonaledelgruppointesasanpaolo.org\/index.php\/wp-json\/wp\/v2\/pages\/35\/revisions\/111"}],"wp:attachment":[{"href":"https:\/\/www.somsperilpersonaledelgruppointesasanpaolo.org\/index.php\/wp-json\/wp\/v2\/media?parent=35"}],"curies":[{"name":"wp","href":"https:\/\/api.w.org\/{rel}","templated":true}]}}