{"id":395,"date":"2026-04-09T18:53:08","date_gmt":"2026-04-09T16:53:08","guid":{"rendered":"https:\/\/www.somsperilpersonaledelgruppointesasanpaolo.org\/?page_id=395"},"modified":"2026-04-09T19:11:22","modified_gmt":"2026-04-09T17:11:22","slug":"assemblea-dei-soci-soms","status":"publish","type":"page","link":"https:\/\/www.somsperilpersonaledelgruppointesasanpaolo.org\/index.php\/assemblea-dei-soci-soms\/","title":{"rendered":"ASSEMBLEA DEI SOCI SoMS"},"content":{"rendered":"\n<p>L\u2019Assemblea ordinaria della SoMS rappresenta un momento fondamentale di partecipazione e condivisione per tutta la nostra comunit\u00e0 mutualistica. Anche quest\u2019anno l\u2019incontro si svolger\u00e0 <strong>in modalit\u00e0 telematica<\/strong>, cos\u00ec da garantire la pi\u00f9 ampia possibilit\u00e0 di partecipazione ai soci.<\/p>\n\n\n\n<p>In questa pagina sono disponibili tutti i materiali utili per seguire i lavori assembleari e per esercitare il proprio diritto di voto:<\/p>\n\n\n\n<p>l\u2019<strong><a href=\"https:\/\/www.somsperilpersonaledelgruppointesasanpaolo.org\/wp-content\/uploads\/2026\/04\/AVVISO_convocazione-Assemblea-soci_integrale_DEF.pdf\" target=\"_blank\" rel=\"noreferrer noopener\">avviso di convocazione<\/a><\/strong>,<\/p>\n\n\n\n<p>il <strong>Bilancio d\u2019Esercizio 2025<\/strong>,<\/p>\n\n\n\n<p>il <strong>Bilancio Sociale 2025<\/strong> e<\/p>\n\n\n\n<p><strong>Come si vota<\/strong>: <a href=\"https:\/\/www.somsperilpersonaledelgruppointesasanpaolo.org\/wp-content\/uploads\/2026\/04\/ISTRUZIONI-PER-SITO-Assemblea_DEF.pdf\" target=\"_blank\" rel=\"noreferrer noopener\">istruzioni per accedere alla piattaforma online<\/a>. <a href=\"http:\/\/youtube.com\/watch?v=d89b4nBzLC0&amp;feature=youtu.be\" target=\"_blank\" rel=\"noreferrer noopener\">Vedi video ><\/a><\/p>\n\n\n\n<p>Partecipare significa contribuire in prima persona alla crescita della SoMS e alla costruzione di un modello di tutela fondato sulla solidariet\u00e0 e sulla responsabilit\u00e0 condivisa.<\/p>\n\n\n\n<p><\/p>\n","protected":false},"excerpt":{"rendered":"<p>L\u2019Assemblea ordinaria della SoMS rappresenta un momento fondamentale di partecipazione e condivisione per tutta la nostra comunit\u00e0 mutualistica. Anche quest\u2019anno l\u2019incontro si svolger\u00e0 in modalit\u00e0 telematica, cos\u00ec da garantire la pi\u00f9 ampia possibilit\u00e0 di partecipazione ai soci. In questa pagina sono disponibili tutti i materiali utili per seguire i lavori assembleari e per esercitare il [&hellip;]<\/p>\n","protected":false},"author":1,"featured_media":0,"parent":0,"menu_order":0,"comment_status":"closed","ping_status":"closed","template":"","meta":{"footnotes":""},"class_list":["post-395","page","type-page","status-publish","czr-hentry"],"publishpress_future_action":{"enabled":false,"date":"2026-04-17 00:15:06","action":"change-status","newStatus":"draft","terms":[],"taxonomy":"","extraData":[]},"publishpress_future_workflow_manual_trigger":{"enabledWorkflows":[]},"_links":{"self":[{"href":"https:\/\/www.somsperilpersonaledelgruppointesasanpaolo.org\/index.php\/wp-json\/wp\/v2\/pages\/395","targetHints":{"allow":["GET"]}}],"collection":[{"href":"https:\/\/www.somsperilpersonaledelgruppointesasanpaolo.org\/index.php\/wp-json\/wp\/v2\/pages"}],"about":[{"href":"https:\/\/www.somsperilpersonaledelgruppointesasanpaolo.org\/index.php\/wp-json\/wp\/v2\/types\/page"}],"author":[{"embeddable":true,"href":"https:\/\/www.somsperilpersonaledelgruppointesasanpaolo.org\/index.php\/wp-json\/wp\/v2\/users\/1"}],"replies":[{"embeddable":true,"href":"https:\/\/www.somsperilpersonaledelgruppointesasanpaolo.org\/index.php\/wp-json\/wp\/v2\/comments?post=395"}],"version-history":[{"count":8,"href":"https:\/\/www.somsperilpersonaledelgruppointesasanpaolo.org\/index.php\/wp-json\/wp\/v2\/pages\/395\/revisions"}],"predecessor-version":[{"id":407,"href":"https:\/\/www.somsperilpersonaledelgruppointesasanpaolo.org\/index.php\/wp-json\/wp\/v2\/pages\/395\/revisions\/407"}],"wp:attachment":[{"href":"https:\/\/www.somsperilpersonaledelgruppointesasanpaolo.org\/index.php\/wp-json\/wp\/v2\/media?parent=395"}],"curies":[{"name":"wp","href":"https:\/\/api.w.org\/{rel}","templated":true}]}}