{"id":84,"date":"2024-04-04T11:33:54","date_gmt":"2024-04-04T09:33:54","guid":{"rendered":"https:\/\/www.somsperilpersonaledelgruppointesasanpaolo.org\/?page_id=84"},"modified":"2024-04-04T11:53:45","modified_gmt":"2024-04-04T09:53:45","slug":"normativa-whistleblowing","status":"publish","type":"page","link":"https:\/\/www.somsperilpersonaledelgruppointesasanpaolo.org\/index.php\/normativa-whistleblowing\/","title":{"rendered":"NORMATIVA WHISTLEBLOWING"},"content":{"rendered":"\n<p>In attuazione della Direttiva (UE) 2019\/1937, \u00e8 stato emanato il d.lgs. n. 24 del 10 marzo 2023 riguardante \u201cla protezione delle persone che segnalano violazioni del diritto dell&#8217;Unione e recante disposizioni riguardanti la protezione delle persone che segnalano violazioni delle disposizioni normative nazionali\u201d.<\/p>\n\n\n\n<p>In relazione a quanto sopra, la Societ\u00e0 di mutuo soccorso per il personale del Gruppo Intesa Sanpaolo \u2013 ENTE DEL TERZO SETTORE di seguito anche \u201cSoMs\u201d \u2013 ha attivato un canale interno di segnalazione di atti o fatti che possano costituire&nbsp;<strong>violazioni di disposizioni normative, nazionali o europee, che ledono l\u2019interesse pubblico o l\u2019integrit\u00e0 della <\/strong><strong>SoMS<\/strong>, di cui si \u00e8 venuti a conoscenza&nbsp;<strong>nell\u2019ambito del contesto lavorativo<\/strong>&nbsp;o sulla base della relazione giuridico-economica intercorrente con la SoMS, tutelando il segnalante da possibili comportamenti ritorsivi o discriminatori, in conformit\u00e0 con il d.lgs. 24\/2023.<\/p>\n\n\n\n<p><strong>CHI PU\u00d2 EFFETTUARE UNA SEGNALAZIONE<\/strong><\/p>\n\n\n\n<ul class=\"wp-block-list\">\n<li>i lavoratori anche in regime di distacco, eventualmente dipendenti e i lavoratori autonomi che svolgono o hanno svolto la propria attivit\u00e0 lavorativa presso la SoMS;<\/li>\n<\/ul>\n\n\n\n<ul class=\"wp-block-list\">\n<li>i titolari di un rapporto di collaborazione professionale di cui all\u2019articolo 409 c.p.c. (ad esempio, rapporto di agenzia) e all\u2019art. 2 d.lgs. 81\/15 (collaborazioni organizzate dal committente);<\/li>\n<\/ul>\n\n\n\n<ul class=\"wp-block-list\">\n<li>i lavoratori o collaboratori che forniscono beni o servizi o che realizzano opere in favore di terzi e svolgono o hanno svolto la propria attivit\u00e0 lavorativa presso la SoMS;<\/li>\n<\/ul>\n\n\n\n<ul class=\"wp-block-list\">\n<li>i liberi professionisti e i consulenti che svolgono o hanno svolto la propria attivit\u00e0 lavorativa presso la SoMS;<\/li>\n<\/ul>\n\n\n\n<ul class=\"wp-block-list\">\n<li>i volontari e i tirocinanti (retribuiti e non retribuiti);<\/li>\n<\/ul>\n\n\n\n<ul class=\"wp-block-list\">\n<li>le persone con funzione di amministrazione, controllo, vigilanza o rappresentanza.<\/li>\n<\/ul>\n\n\n\n<p><strong>RESTANO&nbsp;<\/strong><strong>ESCLUSI<\/strong><strong>&nbsp;DAI SOGGETTI SEGNALANTI GLI ISCRITTI E BENEFICIARI DI PRESTAZIONI DA PARTE DELLA <\/strong><strong>SoMS<\/strong><strong> CHE NON RIENTRANO NELLE CATEGORIE DI CUI SOPRA.<\/strong><\/p>\n\n\n\n<p><strong>COSA SI PUO\u2019 SEGNALARE<\/strong><\/p>\n\n\n\n<p>Comportamenti, atti od omissioni&nbsp;<strong>che ledono l\u2019interesse pubblico o l\u2019integrit\u00e0 della <\/strong><strong>SoMS<\/strong><strong>&nbsp;<\/strong>e che consistono,&nbsp;<em>a titolo esemplificativo<\/em>, in:<\/p>\n\n\n\n<p>le violazioni di normative sia europee sia nazionali. In particolare:<\/p>\n\n\n\n<ul class=\"wp-block-list\">\n<li>violazioni di norme nazionali che consistono in:    \n<ul class=\"wp-block-list\">\n<li>illeciti amministrativi, contabili, civili o penali;<\/li>\n\n\n\n<li>condotte illecite rilevanti ai sensi del D.lgs. 231\/2001 o violazioni dei modelli di organizzazione e gestione;<\/li>\n<\/ul>\n<\/li>\n<\/ul>\n\n\n\n<ul class=\"wp-block-list\">\n<li>violazioni di disposizioni nazionali ed europee riguardanti determinati settori, a titolo esemplificativo, per quanto pi\u00f9 direttamente di interesse del Fondo, quelli relativi a: appalti pubblici; servizi, prodotti e mercati finanziari e prevenzione del riciclaggio e del finanziamento del terrorismo; tutela dell\u2019ambiente; protezione dei consumatori; tutela della vita privata e protezione dei dati personali e sicurezza delle reti e dei sistemi informativi;<\/li>\n<\/ul>\n\n\n\n<ul class=\"wp-block-list\">\n<li>violazioni di norme europee che ledono gli interessi finanziari dell\u2019Unione o riguardanti il mercato interno o che vanificano l\u2019oggetto o la finalit\u00e0 delle disposizioni degli atti dell\u2019Unione nei settori richiamati (ad esempio, condotte riconducibili alle c.d. pratiche abusive);<\/li>\n<\/ul>\n\n\n\n<ul class=\"wp-block-list\">\n<li> ogni violazione di politiche e\/o procedure interne della SoMS quali, ad esempio, il Codice Etico, le regole in materia di acquisti, nonch\u00e9 di gestione degli omaggi e spese di rappresentanza;<\/li>\n<\/ul>\n\n\n\n<ul class=\"wp-block-list\">\n<li>ogni condotta che dia luogo a conflitti di interesse adottata senza aver osservato il pieno rispetto delle regole e procedure di controllo previste per tali situazioni.<\/li>\n<\/ul>\n\n\n\n<p><strong>COME EFFETTUARE UNA SEGNALAZIONE<\/strong><\/p>\n\n\n\n<p><strong>CANALI INTERNI<\/strong><\/p>\n\n\n\n<p>Il Responsabile della gestione delle Segnalazioni \u00e8 individuato nell\u2019Organismo di Vigilanza monocratico e, nel caso in cui sia egli stesso coinvolto quale soggetto segnalato ovvero possa trovarsi in una situazione di conflitto di interesse rispetto alla segnalazione, subentra, quale Responsabile, il Gestore alternativo delle Segnalazioni che \u00e8 il Presidente dell\u2019Organo di Controllo della SoMS.<\/p>\n\n\n\n<p>\u00c8 possibile inviare, in assoluta riservatezza, le segnalazioni Whistleblowing, in forma scritta, utilizzando quale canale principale l\u2019applicazione \u201cOpenwhistle\u201d.<\/p>\n\n\n\n<p><strong>CLICCA QUI (<a href=\"https:\/\/somsperilpersonaledelgruppointesasanpaolo.openwhistle.it\/\" target=\"_blank\" rel=\"noreferrer noopener\">https:\/\/somsperilpersonaledelgruppointesasanpaolo.openwhistle.it<\/a>) per effettuare la segnalazione\u00a0<\/strong><\/p>\n\n\n\n<p><strong>IL PRESENTE CANALE&nbsp;NON SI APPLICA:<\/strong><\/p>\n\n\n\n<p> a)\u00a0 alle contestazioni, rivendicazioni o richieste legate ad un interesse di carattere personale della persona segnalante o della persona che ha sporto una denuncia all&#8217;autorit\u00e0 giudiziaria o contabile che attengono esclusivamente ai propri rapporti individuali di lavoro o di impiego pubblico, ovvero inerenti ai propri rapporti di lavoro o di impiego pubblico con le figure gerarchicamente sovraordinate;<\/p>\n\n\n\n<p>b)\u00a0  alle segnalazioni di violazioni laddove gi\u00e0 disciplinate invia obbligatoria dagli atti dell&#8217;Unione europea o nazionali indicati nella parte II dell&#8217;allegato al presente decreto ovvero da quelli nazionali che costituiscono attuazione degli atti dell&#8217;Unione europea indicati nella parte II dell&#8217;allegato alla direttiva (UE) 2019\/1937, seppur non indicati nella parte II dell&#8217;allegato al presente decreto;<\/p>\n\n\n\n<p>c)\u00a0 \u00a0 alle segnalazioni di violazioni in materia di sicurezza nazionale, nonch\u00e9 di appalti relativi ad aspetti di difesa o di sicurezza nazionale, a meno che tali aspetti rientrino nel diritto derivato pertinente dell&#8217;Unione europea.<\/p>\n\n\n\n<p><strong>IMPORTANTE: QUESTO CANALE NON DOVR\u00c0 ESSERE UTILIZZATO PER RECLAMI, CONTESTAZIONI, RIVENDICAZIONI O RICHIESTE LEGATE AD UN INTERESSE DI CARATTERE PERSONALE DEL SEGNALANTE.<\/strong><\/p>\n\n\n\n<p>All\u2019applicazione ha accesso il Responsabile Whistleblowing ovvero il Gestore alternativo a cui il Segnalante potr\u00e0 indirizzare la segnalazione laddove ritenga che il Responsabile Whistleblowing possa trovarsi in una situazione di conflitto di interesse rispetto alla segnalazione medesima.<\/p>\n\n\n\n<p>Il segnalante pu\u00f2 inoltre richiedere, per il tramite del canale sopra indicato, un incontro finalizzato ad effettuare la segnalazione. L\u2019incontro sar\u00e0 fissato entro un termine ragionevole con il Responsabile whistleblowing.<\/p>\n\n\n\n<p><strong>TUTELE<\/strong><\/p>\n\n\n\n<p>L&#8217;identit\u00e0 della persona segnalante e qualsiasi altra informazione da cui pu\u00f2 evincersi, direttamente o indirettamente, tale identit\u00e0 non possono essere rivelate, senza il consenso espresso della stessa persona segnalante, a persone diverse da quelle competenti a ricevere o a dare seguito alle segnalazioni, espressamente autorizzate a trattare tali dati ai sensi degli articoli 29 e 32, paragrafo 4, del regolamento (UE) 2016\/679 e dell&#8217;articolo 2-quaterdecies del codice in materia di protezione dei dati personali di cui al decreto legislativo 30 giugno 2003, n. 196.<\/p>\n\n\n\n<p><strong>CANALI ESTERNI<\/strong><\/p>\n\n\n\n<p>In via prioritaria, i segnalanti sono incoraggiati a utilizzare i canali interni ma, al ricorrere di determinate condizioni, possono effettuare una segnalazione esterna direttamente alle Autorit\u00e0 competenti.<\/p>\n\n\n\n<p>\u00c9 possibile effettuare una segnalazione esterna, per l\u2019Italia, ALL\u2019AUTORIT\u00c0 NAZIONALE ANTI CORRUZIONE (<strong>ANAC<\/strong>), se ricorre, al momento della sua presentazione, una delle seguenti condizioni:<\/p>\n\n\n\n<ul class=\"wp-block-list\">\n<li>non \u00e8 prevista, nell\u2019ambito del contesto lavorativo, l\u2019attivazione obbligatoria del canale di segnalazione interna ovvero questo non \u00e8 attivo o, anche se attivato, non \u00e8 conforme alla normativa esterna;<\/li>\n<\/ul>\n\n\n\n<ul class=\"wp-block-list\">\n<li>ha gi\u00e0 effettuato una segnalazione interna e la stessa non ha avuto seguito, dove per seguito si intende l\u2019azione intrapresa dal soggetto cui \u00e8 affidata la gestione del canale di segnalazione per valutare la sussistenza dei fatti segnalati, l\u2019esito delle indagini e le eventuali misure adottate;<\/li>\n<\/ul>\n\n\n\n<ul class=\"wp-block-list\">\n<li>ha fondati motivi di ritenere che, se effettuasse una segnalazione interna, alla stessa non sarebbe dato efficace seguito ovvero che la stessa segnalazione possa determinare il rischio di ritorsione;<\/li>\n<\/ul>\n\n\n\n<ul class=\"wp-block-list\">\n<li>ha fondato motivo di ritenere che la violazione possa costituire un pericolo imminente o palese per il pubblico interesse.<\/li>\n<\/ul>\n\n\n\n<p>Le segnalazioni esterne all\u2019ANAC possono essere effettuate secondo le modalit\u00e0 previste sul sito istituzionale&nbsp;<a href=\"https:\/\/www.anticorruzione.it\/\" target=\"_blank\" rel=\"noreferrer noopener\">https:\/\/www.anticorruzione.it\/<\/a>&nbsp;Per ogni altra informazione, si fa espresso rinvio al Regolamento in materia di segnalazione delle violazioni (Whistleblowing) disponibile in calce a questa pagina.<\/p>\n\n\n\n<p><a href=\"\/wp-content\/uploads\/2024\/04\/SoMS-Modello-231-Regolamento-Whistleblowing-04-03-2024_v2-cover.pdf\" target=\"_blank\" rel=\"noreferrer noopener\">Regolamento Whistleblowing<\/a><\/p>\n\n\n\n<p><a href=\"\/wp-content\/uploads\/2024\/04\/SoMS-Modello-231-Informativa-privacy-WB-04-03-2024-cover.pdf\" target=\"_blank\" rel=\"noreferrer noopener\">Informativa Privacy<\/a><\/p>\n","protected":false},"excerpt":{"rendered":"<p>In attuazione della Direttiva (UE) 2019\/1937, \u00e8 stato emanato il d.lgs. n. 24 del 10 marzo 2023 riguardante \u201cla protezione delle persone che segnalano violazioni del diritto dell&#8217;Unione e recante disposizioni riguardanti la protezione delle persone che segnalano violazioni delle disposizioni normative nazionali\u201d. In relazione a quanto sopra, la Societ\u00e0 di mutuo soccorso per il [&hellip;]<\/p>\n","protected":false},"author":1,"featured_media":0,"parent":0,"menu_order":0,"comment_status":"closed","ping_status":"closed","template":"","meta":{"footnotes":""},"class_list":["post-84","page","type-page","status-publish","czr-hentry"],"publishpress_future_action":{"enabled":false,"date":"2026-05-04 18:46:41","action":"change-status","newStatus":"draft","terms":[],"taxonomy":"","extraData":[]},"publishpress_future_workflow_manual_trigger":{"enabledWorkflows":[]},"_links":{"self":[{"href":"https:\/\/www.somsperilpersonaledelgruppointesasanpaolo.org\/index.php\/wp-json\/wp\/v2\/pages\/84","targetHints":{"allow":["GET"]}}],"collection":[{"href":"https:\/\/www.somsperilpersonaledelgruppointesasanpaolo.org\/index.php\/wp-json\/wp\/v2\/pages"}],"about":[{"href":"https:\/\/www.somsperilpersonaledelgruppointesasanpaolo.org\/index.php\/wp-json\/wp\/v2\/types\/page"}],"author":[{"embeddable":true,"href":"https:\/\/www.somsperilpersonaledelgruppointesasanpaolo.org\/index.php\/wp-json\/wp\/v2\/users\/1"}],"replies":[{"embeddable":true,"href":"https:\/\/www.somsperilpersonaledelgruppointesasanpaolo.org\/index.php\/wp-json\/wp\/v2\/comments?post=84"}],"version-history":[{"count":3,"href":"https:\/\/www.somsperilpersonaledelgruppointesasanpaolo.org\/index.php\/wp-json\/wp\/v2\/pages\/84\/revisions"}],"predecessor-version":[{"id":93,"href":"https:\/\/www.somsperilpersonaledelgruppointesasanpaolo.org\/index.php\/wp-json\/wp\/v2\/pages\/84\/revisions\/93"}],"wp:attachment":[{"href":"https:\/\/www.somsperilpersonaledelgruppointesasanpaolo.org\/index.php\/wp-json\/wp\/v2\/media?parent=84"}],"curies":[{"name":"wp","href":"https:\/\/api.w.org\/{rel}","templated":true}]}}